{"id":67,"date":"2012-07-09T12:23:24","date_gmt":"2012-07-09T12:23:24","guid":{"rendered":"https:\/\/raffaelegalano.it\/?page_id=67"},"modified":"2013-02-21T11:42:44","modified_gmt":"2013-02-21T11:42:44","slug":"conferenze","status":"publish","type":"page","link":"https:\/\/raffaelegalano.it\/?page_id=67","title":{"rendered":"Conferenze"},"content":{"rendered":"<table border=\"0\" cellspacing=\"0\" cellpadding=\"0\">\n<tbody>\n<tr>\n<td valign=\"top\"><img loading=\"lazy\" decoding=\"async\" class=\"alignnone size-full wp-image-22\" title=\"copertina_basilea\" alt=\"\" src=\"https:\/\/raffaelegalano.it\/wp-content\/uploads\/2012\/06\/copertina_basilea.jpg\" width=\"200\" height=\"160\" \/><\/td>\n<td valign=\"top\">\n<h1>Gli accordi di Basilea III: il sistema dei rischi e la ridefinizione dei rapporti tra banche e imprese<\/h1>\n<p><em>29 Maggio 2012<\/em><br \/>\n<em>Universit\u00e0 degli Studi di Napoli Federico II<\/em><br \/>\n<em>Napoli<\/em><\/p>\n<p>Il perch\u00e9 degli accordi di Basilea succedutisi nel tempo; quale il loro impatto sulle banche e sulle imprese; in quale misura il mondo dei confidi\u00a0 ne \u00e8 coinvolto.<\/p>\n<ul>\n<li>Scarica il <a href=\"https:\/\/raffaelegalano.it\/wp-content\/uploads\/2012\/06\/accordi_basilea_iii.pdf\" target=\"_blank\">PDF<\/a><\/li>\n<\/ul>\n<\/td>\n<\/tr>\n<tr>\n<td colspan=\"2\">\n<hr \/>\n<\/td>\n<\/tr>\n<tr>\n<td valign=\"top\">\u00a0<img loading=\"lazy\" decoding=\"async\" width=\"200\" height=\"160\" class=\"alignnone size-full wp-image-21\" title=\"copertina_confidi\" alt=\"\" src=\"https:\/\/raffaelegalano.it\/wp-content\/uploads\/2012\/06\/copertina_confidi.jpg\" \/><\/td>\n<td valign=\"top\">\n<h1>Struttura e prospettive dei Confidi<\/h1>\n<p><em>30 marzo 2012<br \/>\nUniversit\u00e0 degli Studi Guglielmo Marconi<br \/>\nRoma<\/em><\/p>\n<p>Sono numerosi gli aspetti a cui i Confidi dovranno dare una risposta se si vogliono assicurare condizioni durevoli di sopravvivenza e di sviluppo.\u00a0Muovendo dal profondo cambiamento del contesto normativo, il tema affrontato riguarda i processi di analisi sottostanti alla progettazione e implementazione dei nuovi modelli strategico-organizzativi.<\/p>\n<ul>\n<li>Scarica il\u00a0<a href=\"https:\/\/raffaelegalano.it\/wp-content\/uploads\/2012\/06\/struttura_prospettive_confidi.pdf\" target=\"_blank\">PDF<\/a><\/li>\n<\/ul>\n<\/td>\n<\/tr>\n<tr>\n<td colspan=\"2\">\n<hr \/>\n<\/td>\n<\/tr>\n<tr>\n<td valign=\"top\"><img loading=\"lazy\" decoding=\"async\" width=\"250\" height=\"336\" class=\"alignnone size-full wp-image-111\" title=\"foto_VI_conferenza\" alt=\"\" src=\"https:\/\/raffaelegalano.it\/wp-content\/uploads\/2012\/07\/foto_VI_conferenza.gif\" srcset=\"https:\/\/raffaelegalano.it\/wp-content\/uploads\/2012\/07\/foto_VI_conferenza.gif 250w, https:\/\/raffaelegalano.it\/wp-content\/uploads\/2012\/07\/foto_VI_conferenza-223x300.gif 223w\" sizes=\"(max-width: 250px) 100vw, 250px\" \/><\/td>\n<td valign=\"top\">\n<h1>Microcredito e Sviluppo Economico: l\u2019esperienza Italiana e Latinoamericana<\/h1>\n<p><em>27 febbraio 2012<br \/>\nSala Assemblee Intesa Sanpaolo<br \/>\nPiazza Belgioioso, 1 \u2013 Milano<\/em><\/p>\n<p>La microfinanza, che comprende l\u2019offerta di servizi e prodotti finanziari di importi contenuti destinati alle microimprese, si \u00e8 convertita, nelle ultime tre decadi, in un importante strumento di sviluppo che offre notevoli opportunit\u00e0 per aumentare la competitivit\u00e0 e il volume di attivit\u00e0 di un ampio segmento della popolazione\u00a0 imprenditoriale.<\/p>\n<ul>\n<li>Scarica il <a href=\"https:\/\/raffaelegalano.it\/wp-content\/uploads\/2013\/02\/programma.pdf\" target=\"_blank\">programma<\/a> della VI Conferenza<\/li>\n<\/ul>\n<\/td>\n<\/tr>\n<tr>\n<td colspan=\"2\" valign=\"top\">\n<hr \/>\n<\/td>\n<\/tr>\n<tr>\n<td valign=\"top\"><img loading=\"lazy\" decoding=\"async\" width=\"250\" height=\"324\" class=\"alignnone size-full wp-image-113\" title=\"foto_V_conferenza\" alt=\"\" src=\"https:\/\/raffaelegalano.it\/wp-content\/uploads\/2012\/07\/foto_V_conferenza.gif\" srcset=\"https:\/\/raffaelegalano.it\/wp-content\/uploads\/2012\/07\/foto_V_conferenza.gif 250w, https:\/\/raffaelegalano.it\/wp-content\/uploads\/2012\/07\/foto_V_conferenza-231x300.gif 231w\" sizes=\"(max-width: 250px) 100vw, 250px\" \/><\/td>\n<td valign=\"top\">\n<h1>Basilea III &#8211; La nuova frontiera della regolamentazione bancaria. I riflessi sull&#8217;economia, sulle banche e sulle imprese, in Italia e in America Latina<\/h1>\n<p><em>28 febbraio 2011<br \/>\nSala Assemblee Intesa Sanpaolo<br \/>\nPiazza Belgioioso, 1 \u2013 Milano<\/em><\/p>\n<p>La necessit\u00e0 di un rinnovato quadro di regole prudenziali a maggior presidio della stabilit\u00e0 bancaria e del governo dei rischi \u00e8 condivisa da tutte le banche.<\/p>\n<ul>\n<li>Scarica il <a href=\"https:\/\/raffaelegalano.it\/wp-content\/uploads\/2012\/07\/Programma_V_Conferenza.pdf\" target=\"_blank\">programma<\/a> della Conferenza<strong>\u00a0<\/strong><\/li>\n<\/ul>\n<\/td>\n<\/tr>\n<tr>\n<td colspan=\"2\" valign=\"top\">\n<hr \/>\n<\/td>\n<\/tr>\n<tr>\n<td valign=\"top\"><img loading=\"lazy\" decoding=\"async\" width=\"250\" height=\"330\" class=\"alignnone size-full wp-image-114\" title=\"foto_conferenza_telematica\" alt=\"\" src=\"https:\/\/raffaelegalano.it\/wp-content\/uploads\/2012\/07\/foto_conferenza_telematica.gif\" srcset=\"https:\/\/raffaelegalano.it\/wp-content\/uploads\/2012\/07\/foto_conferenza_telematica.gif 250w, https:\/\/raffaelegalano.it\/wp-content\/uploads\/2012\/07\/foto_conferenza_telematica-227x300.gif 227w\" sizes=\"(max-width: 250px) 100vw, 250px\" \/><\/td>\n<td valign=\"top\">\n<h1>Le prospettive dell\u2019architettura del sistema monetario internazionale e il ruolo dell\u2019America Latina: dollaro, euro, yen e altre monete di riserva<\/h1>\n<p><em>28 aprile 2010<br \/>\nAula Magna \u2013 Universit\u00e0 degli Studi Guglielmo Marconi<br \/>\nVia Plinio, 44 Roma<\/em><\/p>\n<p>La conferenza di Bretton Woods nel 1944 ha sancito di fatto, ma non di diritto, il ruolo del dollaro come moneta chiave di riserva internazionale. Con l\u2019abbandono del sistema di cambi fissi nel 1971, si \u00e8 perduto l\u2019ancoraggio del dollaro all\u2019oro, mentre non si \u00e8 affermato il DSP come moneta di riserva gestita internazionalmente. La moneta americana \u00e8 diventata la moneta di riferimento internazionale, con un ruolo ridotto dello Yen e del DM. La nascita dell\u2019euro, nel gennaio 2002, ha proposto uno scenario bipolare, che stenta peraltro a realizzarsi. Nel frattempo, si \u00e8 accresciuto enormemente il ruolo del Yuan e di altre monete dei grandi Paesi emergenti.<\/p>\n<ul>\n<li>Scarica il <a href=\"https:\/\/raffaelegalano.it\/wp-content\/uploads\/2012\/07\/Programma_Conferenza_Telematica.pdf\" target=\"_blank\">programma<\/a> della Conferenza<\/li>\n<li>Vai agli <a title=\"Video\" href=\"https:\/\/raffaelegalano.it\/video\/\">interventi<\/a> dei relatori<\/li>\n<\/ul>\n<\/td>\n<\/tr>\n<tr>\n<td colspan=\"2\" valign=\"top\">\n<hr \/>\n<\/td>\n<\/tr>\n<tr>\n<td valign=\"top\"><img loading=\"lazy\" decoding=\"async\" width=\"250\" height=\"336\" class=\"alignnone size-full wp-image-112\" title=\"foto_IV_conferenza\" alt=\"\" src=\"https:\/\/raffaelegalano.it\/wp-content\/uploads\/2012\/07\/foto_IV_conferenza.gif\" srcset=\"https:\/\/raffaelegalano.it\/wp-content\/uploads\/2012\/07\/foto_IV_conferenza.gif 250w, https:\/\/raffaelegalano.it\/wp-content\/uploads\/2012\/07\/foto_IV_conferenza-223x300.gif 223w\" sizes=\"(max-width: 250px) 100vw, 250px\" \/><\/td>\n<td valign=\"top\">\n<h1>Regolamentazione finanziaria e supervisione bancaria,con particolare riferimento all\u2019America Latina. Nuove regole per scongiurare una crisi futura<\/h1>\n<p><em>22 febbraio 2010<br \/>\nSala Assemblee Intesa Sanpaolo<br \/>\nPiazza Belgioioso, 1 \u2013 Milano<\/em><\/p>\n<p>I mercati finanziari sono stati scossi da turbolenze per oltre due anni, durante i quali le banche sono state messe a dura prova. Le difficolt\u00e0 del settore finanziario si sono propagate all\u2019economia reale dando luogo a una recessione particolarmente grave sulle due sponde dell\u2019Atlantico.La necessit\u00e0 di sopperire alle carenze di regolamentazione e di vigilanza nei mercati finanziari, se si vuole evitare il ripetersi di crisi future, \u00e8 al centro del dibattito internazionale.<\/p>\n<ul>\n<li>Scarica il <a href=\"https:\/\/raffaelegalano.it\/wp-content\/uploads\/2012\/07\/Programma_IV_Conferenza.pdf\" target=\"_blank\">programma<\/a> della Conferenza<\/li>\n<\/ul>\n<\/td>\n<\/tr>\n<tr>\n<td colspan=\"2\" valign=\"top\">\n<hr \/>\n<\/td>\n<\/tr>\n<tr>\n<td valign=\"top\"><img loading=\"lazy\" decoding=\"async\" width=\"250\" height=\"187\" class=\"alignnone size-full wp-image-117\" title=\"foto_III_conferenza\" alt=\"\" src=\"https:\/\/raffaelegalano.it\/wp-content\/uploads\/2012\/07\/foto_III_conferenza.gif\" \/><\/td>\n<td valign=\"top\">\n<h1>Globalizzazione dei mercati e paesi emergenti,con particolare riferimento all\u2019America Latina<\/h1>\n<p>19 gennaio 2009<br \/>\n<em>Politecnico Di Milano<br \/>\nAula Rogers \u2013 Edificio 11 \u2013 Piano terra<br \/>\nVia Amp\u00e8re 2 &#8211; Milano<\/em><\/p>\n<ul>\n<li>Scarica il <a href=\"https:\/\/raffaelegalano.it\/wp-content\/uploads\/2012\/07\/Programma_III_Conferenza.pdf\" target=\"_blank\">programma<\/a> della Conferenza<\/li>\n<\/ul>\n<\/td>\n<\/tr>\n<tr>\n<td colspan=\"2\" valign=\"top\">\n<hr \/>\n<\/td>\n<\/tr>\n<tr>\n<td valign=\"top\"><img loading=\"lazy\" decoding=\"async\" width=\"250\" height=\"190\" class=\"alignnone size-full wp-image-116\" title=\"foto_II_conferenza\" alt=\"\" src=\"https:\/\/raffaelegalano.it\/wp-content\/uploads\/2012\/07\/foto_II_conferenza.gif\" \/><\/td>\n<td valign=\"top\">\n<h1>Gli Strumenti Finanziari e il Ruolo delle Banche e delle Istituzioni a Supporto del Processo di Internazionalizzazione delle PMI: un Confronto fra Banche Europee e Banche Latino Americane<\/h1>\n<p><em>21 gennaio 2008<br \/>\nSala Assemblee Intesa Sanpaolo<br \/>\nPiazza Belgioioso, 1 \u2013 Milano<\/em><\/p>\n<ul>\n<li>Scarica il <a href=\"https:\/\/raffaelegalano.it\/wp-content\/uploads\/2012\/07\/Programma_II_Conferenza.pdf\" target=\"_blank\">programma<\/a> della Conferenza<\/li>\n<\/ul>\n<\/td>\n<\/tr>\n<tr>\n<td colspan=\"2\" valign=\"top\">\n<hr \/>\n<\/td>\n<\/tr>\n<tr>\n<td valign=\"top\"><img loading=\"lazy\" decoding=\"async\" width=\"250\" height=\"186\" class=\"alignnone size-full wp-image-115\" title=\"foto_I_conferenza\" alt=\"\" src=\"https:\/\/raffaelegalano.it\/wp-content\/uploads\/2012\/07\/foto_I_conferenza.gif\" \/><\/td>\n<td valign=\"top\">\n<h1>Scenari Possibili e Opportunit\u00e0 di Investimento del Continente Latino Americano<\/h1>\n<p><em>22 Gennaio 2007<br \/>\nSala Assemblee Intesa Sanpaolo<br \/>\nPiazza Belgioioso, 1 \u2013 Milano<\/em><\/p>\n<ul>\n<li>Scarica il <a href=\"https:\/\/raffaelegalano.it\/wp-content\/uploads\/2012\/07\/Programma_I_Conferenza.pdf\" target=\"_blank\">programma<\/a> della Conferenza<\/li>\n<\/ul>\n<\/td>\n<\/tr>\n<\/tbody>\n<\/table>\n<p><\/p>\n","protected":false},"excerpt":{"rendered":"<p>Gli accordi di Basilea III: il sistema dei rischi e la ridefinizione dei rapporti tra banche e imprese 29 Maggio 2012 Universit\u00e0 degli Studi di Napoli Federico II Napoli Il perch\u00e9 degli accordi di Basilea succedutisi nel tempo; quale il loro impatto sulle banche e sulle imprese; in quale misura il mondo dei confidi\u00a0 ne [&hellip;]<\/p>\n","protected":false},"author":1,"featured_media":0,"parent":11,"menu_order":0,"comment_status":"closed","ping_status":"closed","template":"","meta":{"footnotes":""},"class_list":["post-67","page","type-page","status-publish","hentry"],"_links":{"self":[{"href":"https:\/\/raffaelegalano.it\/index.php?rest_route=\/wp\/v2\/pages\/67"}],"collection":[{"href":"https:\/\/raffaelegalano.it\/index.php?rest_route=\/wp\/v2\/pages"}],"about":[{"href":"https:\/\/raffaelegalano.it\/index.php?rest_route=\/wp\/v2\/types\/page"}],"author":[{"embeddable":true,"href":"https:\/\/raffaelegalano.it\/index.php?rest_route=\/wp\/v2\/users\/1"}],"replies":[{"embeddable":true,"href":"https:\/\/raffaelegalano.it\/index.php?rest_route=%2Fwp%2Fv2%2Fcomments&post=67"}],"version-history":[{"count":1,"href":"https:\/\/raffaelegalano.it\/index.php?rest_route=\/wp\/v2\/pages\/67\/revisions"}],"predecessor-version":[{"id":90,"href":"https:\/\/raffaelegalano.it\/index.php?rest_route=\/wp\/v2\/pages\/67\/revisions\/90"}],"up":[{"embeddable":true,"href":"https:\/\/raffaelegalano.it\/index.php?rest_route=\/wp\/v2\/pages\/11"}],"wp:attachment":[{"href":"https:\/\/raffaelegalano.it\/index.php?rest_route=%2Fwp%2Fv2%2Fmedia&parent=67"}],"curies":[{"name":"wp","href":"https:\/\/api.w.org\/{rel}","templated":true}]}}